{"id":2,"date":"2017-05-24T15:50:17","date_gmt":"2017-05-24T15:50:17","guid":{"rendered":"http:\/\/opticaiglesias.com\/web\/?page_id=2"},"modified":"2017-05-25T11:50:42","modified_gmt":"2017-05-25T11:50:42","slug":"pagina-ejemplo","status":"publish","type":"page","link":"https:\/\/www.opticaiglesias.com\/web\/","title":{"rendered":"Quienes somos"},"content":{"rendered":"<table style=\"height: 828px;\" border=\"0\" width=\"548\" cellspacing=\"0\" cellpadding=\"0\">\n<tbody>\n<tr>\n<td align=\"left\" valign=\"top\" width=\"250\" height=\"118\">\n<h4>\u00d3ptica Iglesias, representada por D. Jos\u00e9 Benedicto Iglesias P\u00e9rez. Estamos desde Enero de 1993 dando servicio en Moraleja y todas las poblaciones cercanas de la Sierra de Gata. Hemos ampliado y renovado nuestras instalaciones para dar mejor servicio a nuestros clientes.<\/h4>\n<h4>Somos una \u00f3ptica independiente, con productos de primeras marcas a precios competitivos. Contamos con personal altamente cualificado para tratar todas las necesidades de nuestros clientes.<\/h4>\n<h4>Nuestro establecimiento est\u00e1 avalado por el SES (Servicio Extreme\u00f1o de Salud) y el Colegio Nacional de \u00d3pticos &#8211; Optometristas de Espa\u00f1a.<\/h4>\n<h4>Con una imagen renovada, tanto por dentro como por fuera, presentamos nuestra nueva web para informar a nuestros clientes de todos los productos y servicios que prestamos. Le invitamos a que navegue por nuestra web y descubra todo lo que podemos hacer por usted. &#8230;<\/h4>\n<p>&nbsp;<\/p>\n<p><img decoding=\"async\" loading=\"lazy\" class=\"alignleft size-medium\" src=\"http:\/\/www.opticaiglesias.com\/web\/wp-content\/themes\/ArtSee\/images\/fachadanueva.jpg\" alt=\"Optica Iglesias. Moraleja (C\u00e1ceres)\" width=\"583\" height=\"437\" \/><\/td>\n<\/tr>\n<\/tbody>\n<\/table>\n","protected":false},"excerpt":{"rendered":"<p>\u00d3ptica Iglesias, representada por D. Jos\u00e9 Benedicto Iglesias P\u00e9rez. Estamos desde Enero de 1993 dando servicio en Moraleja y todas las poblaciones cercanas de la Sierra de Gata. Hemos ampliado y renovado nuestras instalaciones para dar mejor servicio a nuestros clientes. Somos una \u00f3ptica independiente, con productos de primeras marcas a precios competitivos. Contamos con [&hellip;]<\/p>\n","protected":false},"author":1,"featured_media":0,"parent":0,"menu_order":0,"comment_status":"closed","ping_status":"open","template":"","meta":[],"_links":{"self":[{"href":"https:\/\/www.opticaiglesias.com\/web\/wp-json\/wp\/v2\/pages\/2"}],"collection":[{"href":"https:\/\/www.opticaiglesias.com\/web\/wp-json\/wp\/v2\/pages"}],"about":[{"href":"https:\/\/www.opticaiglesias.com\/web\/wp-json\/wp\/v2\/types\/page"}],"author":[{"embeddable":true,"href":"https:\/\/www.opticaiglesias.com\/web\/wp-json\/wp\/v2\/users\/1"}],"replies":[{"embeddable":true,"href":"https:\/\/www.opticaiglesias.com\/web\/wp-json\/wp\/v2\/comments?post=2"}],"version-history":[{"count":9,"href":"https:\/\/www.opticaiglesias.com\/web\/wp-json\/wp\/v2\/pages\/2\/revisions"}],"predecessor-version":[{"id":56,"href":"https:\/\/www.opticaiglesias.com\/web\/wp-json\/wp\/v2\/pages\/2\/revisions\/56"}],"wp:attachment":[{"href":"https:\/\/www.opticaiglesias.com\/web\/wp-json\/wp\/v2\/media?parent=2"}],"curies":[{"name":"wp","href":"https:\/\/api.w.org\/{rel}","templated":true}]}}